{"id":10,"date":"2021-02-06T21:01:39","date_gmt":"2021-02-06T21:01:39","guid":{"rendered":"https:\/\/nelikordaneli.ee\/?page_id=10"},"modified":"2021-03-22T18:30:19","modified_gmt":"2021-03-22T18:30:19","slug":"homepage","status":"publish","type":"page","link":"https:\/\/nelikordaneli.ee\/","title":{"rendered":"Homepage"},"content":{"rendered":"\t\t<div data-elementor-type=\"wp-page\" data-elementor-id=\"10\" class=\"elementor elementor-10\">\n\t\t\t\t\t\t<section class=\"elementor-section elementor-top-section elementor-element elementor-element-0ea5352 elementor-section-boxed elementor-section-height-default elementor-section-height-default\" data-id=\"0ea5352\" data-element_type=\"section\" data-e-type=\"section\">\n\t\t\t\t\t\t<div class=\"elementor-container elementor-column-gap-default\">\n\t\t\t\t\t<div class=\"elementor-column elementor-col-100 elementor-top-column elementor-element elementor-element-f160a96\" data-id=\"f160a96\" data-element_type=\"column\" data-e-type=\"column\">\n\t\t\t<div class=\"elementor-widget-wrap elementor-element-populated\">\n\t\t\t\t\t\t<div class=\"elementor-element elementor-element-6fb9c52 elementor-widget elementor-widget-text-editor\" data-id=\"6fb9c52\" data-element_type=\"widget\" data-e-type=\"widget\" data-widget_type=\"text-editor.default\">\n\t\t\t\t<div class=\"elementor-widget-container\">\n\t\t\t\t\t\t\t\t\t<div><h2><strong>O\u00dc Maam\u00f5\u00f5dub\u00fcroo 4X4 on geodeetiliste ja maakorralduslike t\u00f6\u00f6dega\u00a0 1997.aastast tegutsev ettev\u00f5te. Maakorralduslikke t\u00f5id\u00a0teostab Marko Siigla ( litsents 660 Ma-k)<\/strong><\/h2><\/div>\t\t\t\t\t\t\t\t<\/div>\n\t\t\t\t<\/div>\n\t\t\t\t\t<\/div>\n\t\t<\/div>\n\t\t\t\t\t<\/div>\n\t\t<\/section>\n\t\t\t\t<section class=\"elementor-section elementor-top-section elementor-element elementor-element-0e7e4fb elementor-section-boxed elementor-section-height-default elementor-section-height-default\" data-id=\"0e7e4fb\" data-element_type=\"section\" data-e-type=\"section\">\n\t\t\t\t\t\t<div class=\"elementor-container elementor-column-gap-default\">\n\t\t\t\t\t<div class=\"elementor-column elementor-col-33 elementor-top-column elementor-element elementor-element-d07c3a9\" data-id=\"d07c3a9\" data-element_type=\"column\" data-e-type=\"column\">\n\t\t\t<div class=\"elementor-widget-wrap elementor-element-populated\">\n\t\t\t\t\t\t<div class=\"elementor-element elementor-element-755731b elementor-widget elementor-widget-text-editor\" data-id=\"755731b\" data-element_type=\"widget\" data-e-type=\"widget\" data-widget_type=\"text-editor.default\">\n\t\t\t\t<div class=\"elementor-widget-container\">\n\t\t\t\t\t\t\t\t\t<div><div><span style=\"font-size: 14px; color: var( --e-global-color-text );\">MAAKORRALDUSLIKUD T\u00d6\u00d6D<\/span><\/div><div>1. Katastri\u00fcksuste jagamine ja liitmine<\/div><div>2. Naaberkatastri\u00fcksuse piiride muutmine<\/div><div>3. Piirim\u00e4rkide otsimine ja taastamine maastikul<\/div><div>4. Piiride m\u00e4\u00e4ramine ja t\u00e4psutamine\u00a0maastikul.<\/div><\/div>\t\t\t\t\t\t\t\t<\/div>\n\t\t\t\t<\/div>\n\t\t\t\t\t<\/div>\n\t\t<\/div>\n\t\t\t\t<div class=\"elementor-column elementor-col-33 elementor-top-column elementor-element elementor-element-e846cf3\" data-id=\"e846cf3\" data-element_type=\"column\" data-e-type=\"column\">\n\t\t\t<div class=\"elementor-widget-wrap elementor-element-populated\">\n\t\t\t\t\t\t<div class=\"elementor-element elementor-element-abb79aa elementor-widget elementor-widget-text-editor\" data-id=\"abb79aa\" data-element_type=\"widget\" data-e-type=\"widget\" data-widget_type=\"text-editor.default\">\n\t\t\t\t<div class=\"elementor-widget-container\">\n\t\t\t\t\t\t\t\t\t<div><div><span style=\"font-size: 14px; color: var( --e-global-color-text );\">GEODEETILISED T\u00d6\u00d6D<\/span><\/div><div>1. Geodeetiliste alusplaanide m\u00f5\u00f5distamine<\/div><div>2. Ehitusj\u00e4rgsed m\u00f5\u00f5distused<\/div><\/div><div>\u00a0<\/div>\t\t\t\t\t\t\t\t<\/div>\n\t\t\t\t<\/div>\n\t\t\t\t\t<\/div>\n\t\t<\/div>\n\t\t\t\t<div class=\"elementor-column elementor-col-33 elementor-top-column elementor-element elementor-element-a1487cf\" data-id=\"a1487cf\" data-element_type=\"column\" data-e-type=\"column\">\n\t\t\t<div class=\"elementor-widget-wrap elementor-element-populated\">\n\t\t\t\t\t\t<div class=\"elementor-element elementor-element-9f1dbe8 elementor-widget elementor-widget-text-editor\" data-id=\"9f1dbe8\" data-element_type=\"widget\" data-e-type=\"widget\" data-widget_type=\"text-editor.default\">\n\t\t\t\t<div class=\"elementor-widget-container\">\n\t\t\t\t\t\t\t\t\t<div><div><span style=\"font-size: 14px; color: var( --e-global-color-text );\">KONSULTATSIOON JA ASJAAJAMINE<\/span><\/div><div>1. Abistamine dokumentide esitamisel kohalikule omavalitsusele ja Maa-Ametile<\/div><div>2. N\u00f5uanded , ettepanekud ja soovitused seoses tehtavate toimingutega.<\/div><\/div><div>\u00a0<\/div>\t\t\t\t\t\t\t\t<\/div>\n\t\t\t\t<\/div>\n\t\t\t\t\t<\/div>\n\t\t<\/div>\n\t\t\t\t\t<\/div>\n\t\t<\/section>\n\t\t\t\t<section class=\"elementor-section elementor-top-section elementor-element elementor-element-3acf120 elementor-section-boxed elementor-section-height-default elementor-section-height-default\" data-id=\"3acf120\" data-element_type=\"section\" data-e-type=\"section\">\n\t\t\t\t\t\t<div class=\"elementor-container elementor-column-gap-default\">\n\t\t\t\t\t<div class=\"elementor-column elementor-col-100 elementor-top-column elementor-element elementor-element-5baa59b\" data-id=\"5baa59b\" data-element_type=\"column\" data-e-type=\"column\">\n\t\t\t<div class=\"elementor-widget-wrap elementor-element-populated\">\n\t\t\t\t\t\t<div class=\"elementor-element elementor-element-5f3e672 elementor-widget elementor-widget-google_maps\" data-id=\"5f3e672\" data-element_type=\"widget\" data-e-type=\"widget\" data-widget_type=\"google_maps.default\">\n\t\t\t\t<div class=\"elementor-widget-container\">\n\t\t\t\t\t\t\t<div class=\"elementor-custom-embed\">\n\t\t\t<iframe loading=\"lazy\"\n\t\t\t\t\tsrc=\"https:\/\/maps.google.com\/maps?q=vanapargi%206&#038;t=m&#038;z=10&#038;output=embed&#038;iwloc=near\"\n\t\t\t\t\ttitle=\"vanapargi 6\"\n\t\t\t\t\taria-label=\"vanapargi 6\"\n\t\t\t><\/iframe>\n\t\t<\/div>\n\t\t\t\t\t\t<\/div>\n\t\t\t\t<\/div>\n\t\t\t\t\t<\/div>\n\t\t<\/div>\n\t\t\t\t\t<\/div>\n\t\t<\/section>\n\t\t\t\t<section class=\"elementor-section elementor-top-section elementor-element elementor-element-f6a19eb elementor-section-boxed elementor-section-height-default elementor-section-height-default\" data-id=\"f6a19eb\" data-element_type=\"section\" data-e-type=\"section\">\n\t\t\t\t\t\t<div class=\"elementor-container elementor-column-gap-default\">\n\t\t\t\t\t<div class=\"elementor-column elementor-col-100 elementor-top-column elementor-element elementor-element-ad9ae60\" data-id=\"ad9ae60\" data-element_type=\"column\" data-e-type=\"column\">\n\t\t\t<div class=\"elementor-widget-wrap elementor-element-populated\">\n\t\t\t\t\t\t<div class=\"elementor-element elementor-element-06095b5 elementor-widget elementor-widget-wpforms\" data-id=\"06095b5\" data-element_type=\"widget\" data-e-type=\"widget\" data-widget_type=\"wpforms.default\">\n\t\t\t\t<div class=\"elementor-widget-container\">\n\t\t\t\t\t<div class=\"wpforms-container wpforms-container-full\" id=\"wpforms-34\"><form id=\"wpforms-form-34\" class=\"wpforms-validate wpforms-form\" data-formid=\"34\" method=\"post\" enctype=\"multipart\/form-data\" action=\"\/index.php\/wp-json\/wp\/v2\/pages\/10\" data-token=\"0b502a153531ed955f597602f798d8b0\" data-token-time=\"1778496929\"><noscript class=\"wpforms-error-noscript\">Please enable JavaScript in your browser to complete this form.<\/noscript><div class=\"wpforms-field-container\"><div id=\"wpforms-34-field_0-container\" class=\"wpforms-field wpforms-field-name\" data-field-id=\"0\"><label class=\"wpforms-field-label\" for=\"wpforms-34-field_0\">Nimi <span class=\"wpforms-required-label\">*<\/span><\/label><input type=\"text\" id=\"wpforms-34-field_0\" class=\"wpforms-field-medium wpforms-field-required\" name=\"wpforms[fields][0]\" required><\/div><div id=\"wpforms-34-field_1-container\" class=\"wpforms-field wpforms-field-email\" data-field-id=\"1\"><label class=\"wpforms-field-label\" for=\"wpforms-34-field_1\">Email <span class=\"wpforms-required-label\">*<\/span><\/label><input type=\"email\" id=\"wpforms-34-field_1\" class=\"wpforms-field-medium wpforms-field-required\" name=\"wpforms[fields][1]\" spellcheck=\"false\" required><\/div><div id=\"wpforms-34-field_3-container\" class=\"wpforms-field wpforms-field-text\" data-field-id=\"3\"><label class=\"wpforms-field-label\" for=\"wpforms-34-field_3\">Katastri\u00fcksuse number<\/label><input type=\"text\" id=\"wpforms-34-field_3\" class=\"wpforms-field-medium\" name=\"wpforms[fields][3]\" ><\/div><div id=\"wpforms-34-field_2-container\" class=\"wpforms-field wpforms-field-textarea\" data-field-id=\"2\"><label class=\"wpforms-field-label\" for=\"wpforms-34-field_2\">S\u00f5num <span class=\"wpforms-required-label\">*<\/span><\/label><textarea id=\"wpforms-34-field_2\" class=\"wpforms-field-medium wpforms-field-required\" name=\"wpforms[fields][2]\" required><\/textarea><\/div><\/div><!-- .wpforms-field-container --><div class=\"wpforms-submit-container\" ><input type=\"hidden\" name=\"wpforms[id]\" value=\"34\"><input type=\"hidden\" name=\"page_title\" value=\"\"><input type=\"hidden\" name=\"page_url\" value=\"https:\/\/nelikordaneli.ee\/index.php\/wp-json\/wp\/v2\/pages\/10\"><input type=\"hidden\" name=\"url_referer\" value=\"\"><button type=\"submit\" name=\"wpforms[submit]\" id=\"wpforms-submit-34\" class=\"wpforms-submit\" data-alt-text=\"Sending...\" data-submit-text=\"Submit\" aria-live=\"assertive\" value=\"wpforms-submit\">Submit<\/button><\/div><\/form><\/div>  <!-- .wpforms-container -->\t\t\t\t<\/div>\n\t\t\t\t<\/div>\n\t\t\t\t\t<\/div>\n\t\t<\/div>\n\t\t\t\t\t<\/div>\n\t\t<\/section>\n\t\t\t\t<\/div>\n\t\t","protected":false},"excerpt":{"rendered":"<p>O\u00dc Maam\u00f5\u00f5dub\u00fcroo 4X4 on geodeetiliste ja maakorralduslike t\u00f6\u00f6dega\u00a0 1997.aastast tegutsev ettev\u00f5te. Maakorralduslikke t\u00f5id\u00a0teostab Marko Siigla ( litsents 660 Ma-k) MAAKORRALDUSLIKUD T\u00d6\u00d6D1. Katastri\u00fcksuste jagamine ja liitmine2. Naaberkatastri\u00fcksuse piiride muutmine3. Piirim\u00e4rkide otsimine ja taastamine maastikul4. Piiride m\u00e4\u00e4ramine ja t\u00e4psutamine\u00a0maastikul.GEODEETILISED T\u00d6\u00d6D1. Geodeetiliste alusplaanide m\u00f5\u00f5distamine2. Ehitusj\u00e4rgsed m\u00f5\u00f5distused\u00a0KONSULTATSIOON JA ASJAAJAMINE1. Abistamine dokumentide esitamisel kohalikule omavalitsusele ja Maa-Ametile2. N\u00f5uanded , ettepanekud [&hellip;]<\/p>\n","protected":false},"author":1,"featured_media":0,"parent":0,"menu_order":0,"comment_status":"closed","ping_status":"closed","template":"elementor_header_footer","meta":{"footnotes":""},"class_list":["post-10","page","type-page","status-publish","hentry","entry","owp-thumbs-layout-horizontal","owp-btn-normal","owp-tabs-layout-horizontal","has-no-thumbnails","has-product-nav"],"_links":{"self":[{"href":"https:\/\/nelikordaneli.ee\/index.php\/wp-json\/wp\/v2\/pages\/10","targetHints":{"allow":["GET"]}}],"collection":[{"href":"https:\/\/nelikordaneli.ee\/index.php\/wp-json\/wp\/v2\/pages"}],"about":[{"href":"https:\/\/nelikordaneli.ee\/index.php\/wp-json\/wp\/v2\/types\/page"}],"author":[{"embeddable":true,"href":"https:\/\/nelikordaneli.ee\/index.php\/wp-json\/wp\/v2\/users\/1"}],"replies":[{"embeddable":true,"href":"https:\/\/nelikordaneli.ee\/index.php\/wp-json\/wp\/v2\/comments?post=10"}],"version-history":[{"count":28,"href":"https:\/\/nelikordaneli.ee\/index.php\/wp-json\/wp\/v2\/pages\/10\/revisions"}],"predecessor-version":[{"id":51,"href":"https:\/\/nelikordaneli.ee\/index.php\/wp-json\/wp\/v2\/pages\/10\/revisions\/51"}],"wp:attachment":[{"href":"https:\/\/nelikordaneli.ee\/index.php\/wp-json\/wp\/v2\/media?parent=10"}],"curies":[{"name":"wp","href":"https:\/\/api.w.org\/{rel}","templated":true}]}}